{"id":18,"date":"2022-04-16T20:55:58","date_gmt":"2022-04-16T20:55:58","guid":{"rendered":"https:\/\/aspgrupo.site\/?page_id=18"},"modified":"2024-02-06T17:06:05","modified_gmt":"2024-02-06T17:06:05","slug":"about","status":"publish","type":"page","link":"https:\/\/aspgrupo.site\/index.php\/about\/","title":{"rendered":"Sobre Nosotros"},"content":{"rendered":"\n<p>Somos Una entidad especializada en el estudio y asesoramiento de oportunidades de inversi\u00f3n en cualquiera de sus variantes (compra venta de inmuebles, productos bancarios,negocios, empresas, cr\u00e9ditos, indivisos, stock, activos concursales, etc\u2026), cuya especializaci\u00f3n radica en el asesoramiento integral de la propia inversi\u00f3n, desde un punto de vista jur\u00eddico, econ\u00f3mico, financiero, fiscal y tributario.<\/p>\n\n\n\n<p>Ademas de proporcionar un servicio completo en la intermediaci\u00f3n de alquileres<br><\/p>\n\n\n\n<figure class=\"wp-block-image\"><img decoding=\"async\" src=\"https:\/\/aspgrupo.site\/wp-content\/uploads\/2022\/05\/BB8C7B0B-B978-4FC8-BE6C-6BEEE85DA053.jpg\" alt=\"\" class=\"wp-image-210\"\/><\/figure>\n","protected":false},"excerpt":{"rendered":"<p>Somos Una entidad especializada en el estudio y asesoramiento de oportunidades de inversi\u00f3n en cualquiera de sus variantes (compra venta de inmuebles, productos bancarios,negocios, empresas, cr\u00e9ditos, indivisos, stock, activos concursales, etc\u2026), cuya especializaci\u00f3n radica en el asesoramiento integral de la propia inversi\u00f3n, desde un punto de vista jur\u00eddico, econ\u00f3mico, financiero, [&hellip;]<\/p>\n","protected":false},"author":1,"featured_media":210,"parent":0,"menu_order":0,"comment_status":"closed","ping_status":"closed","template":"","meta":{"footnotes":""},"class_list":["post-18","page","type-page","status-publish","has-post-thumbnail","hentry"],"jetpack_sharing_enabled":true,"_links":{"self":[{"href":"https:\/\/aspgrupo.site\/index.php\/wp-json\/wp\/v2\/pages\/18","targetHints":{"allow":["GET"]}}],"collection":[{"href":"https:\/\/aspgrupo.site\/index.php\/wp-json\/wp\/v2\/pages"}],"about":[{"href":"https:\/\/aspgrupo.site\/index.php\/wp-json\/wp\/v2\/types\/page"}],"author":[{"embeddable":true,"href":"https:\/\/aspgrupo.site\/index.php\/wp-json\/wp\/v2\/users\/1"}],"replies":[{"embeddable":true,"href":"https:\/\/aspgrupo.site\/index.php\/wp-json\/wp\/v2\/comments?post=18"}],"version-history":[{"count":14,"href":"https:\/\/aspgrupo.site\/index.php\/wp-json\/wp\/v2\/pages\/18\/revisions"}],"predecessor-version":[{"id":316,"href":"https:\/\/aspgrupo.site\/index.php\/wp-json\/wp\/v2\/pages\/18\/revisions\/316"}],"wp:featuredmedia":[{"embeddable":true,"href":"https:\/\/aspgrupo.site\/index.php\/wp-json\/wp\/v2\/media\/210"}],"wp:attachment":[{"href":"https:\/\/aspgrupo.site\/index.php\/wp-json\/wp\/v2\/media?parent=18"}],"curies":[{"name":"wp","href":"https:\/\/api.w.org\/{rel}","templated":true}]}}